{"id":258,"date":"2018-01-22T10:17:40","date_gmt":"2018-01-22T14:17:40","guid":{"rendered":"http:\/\/ayuntamientolasyayas.gob.do\/transparencia\/?page_id=258"},"modified":"2024-12-04T10:05:53","modified_gmt":"2024-12-04T14:05:53","slug":"responsable-de-acceso-a-la-informacion","status":"publish","type":"page","link":"https:\/\/ayuntamientolasyayas.gob.do\/transparencia\/responsable-de-acceso-a-la-informacion\/","title":{"rendered":"Responsable de Acceso a la Informaci\u00f3n"},"content":{"rendered":"<h4 class=\"paragraph ng-attr-widget\">Sra. Theany S\u00e1nchez\u00a0Ruiz\u00a0<br \/><strong>Responsable de Acceso a la Informaci\u00f3n (RAI)<\/strong><br \/>Tel\u00e9fono: <strong>829-966-8450<\/strong><br \/>Correo electr\u00f3nico:<strong> theanysanchez08@gmail.com <\/strong><\/h4>\n<p>\u00a0<\/p>\n\n\n<figure class=\"wp-block-image size-large is-resized\"><img loading=\"lazy\" src=\"http:\/\/ayuntamientolasyayas.gob.do\/transparencia\/wp-content\/uploads\/2024\/12\/ab45e3d9-dcd3-41b8-b410-ab81f9facb2f-700x989.jpg\" alt=\"\" class=\"wp-image-2041\" width=\"303\" height=\"429\" srcset=\"https:\/\/ayuntamientolasyayas.gob.do\/transparencia\/wp-content\/uploads\/2024\/12\/ab45e3d9-dcd3-41b8-b410-ab81f9facb2f-700x989.jpg 700w, https:\/\/ayuntamientolasyayas.gob.do\/transparencia\/wp-content\/uploads\/2024\/12\/ab45e3d9-dcd3-41b8-b410-ab81f9facb2f-250x353.jpg 250w, https:\/\/ayuntamientolasyayas.gob.do\/transparencia\/wp-content\/uploads\/2024\/12\/ab45e3d9-dcd3-41b8-b410-ab81f9facb2f-768x1086.jpg 768w, https:\/\/ayuntamientolasyayas.gob.do\/transparencia\/wp-content\/uploads\/2024\/12\/ab45e3d9-dcd3-41b8-b410-ab81f9facb2f-1087x1536.jpg 1087w, https:\/\/ayuntamientolasyayas.gob.do\/transparencia\/wp-content\/uploads\/2024\/12\/ab45e3d9-dcd3-41b8-b410-ab81f9facb2f-120x170.jpg 120w, https:\/\/ayuntamientolasyayas.gob.do\/transparencia\/wp-content\/uploads\/2024\/12\/ab45e3d9-dcd3-41b8-b410-ab81f9facb2f.jpg 1132w\" sizes=\"(max-width: 303px) 100vw, 303px\" \/><\/figure>\n\n\n\n<div class=\"wp-block-file\"><object class=\"wp-block-file__embed\" data=\"https:\/\/ayuntamientolasyayas.gob.do\/transparencia\/wp-content\/uploads\/2023\/10\/MODELO-EDITABLE-FORMULARIO-SOLICITUD-PUBLICA.pdf\" type=\"application\/pdf\" style=\"width:100%;height:600px\" aria-label=\"Incrustado de FORMULARIO SOLICITUD PUBLICA.\"><\/object><a id=\"wp-block-file--media-d7575e96-0d33-41c3-98ce-e6133f60febe\" href=\"https:\/\/ayuntamientolasyayas.gob.do\/transparencia\/wp-content\/uploads\/2023\/10\/MODELO-EDITABLE-FORMULARIO-SOLICITUD-PUBLICA.pdf\">FORMULARIO SOLICITUD PUBLICA<\/a><a href=\"https:\/\/ayuntamientolasyayas.gob.do\/transparencia\/wp-content\/uploads\/2023\/10\/MODELO-EDITABLE-FORMULARIO-SOLICITUD-PUBLICA.pdf\" class=\"wp-block-file__button\" download aria-describedby=\"wp-block-file--media-d7575e96-0d33-41c3-98ce-e6133f60febe\">Descarga<\/a><\/div>\n","protected":false},"excerpt":{"rendered":"Sra. Theany S\u00e1nchez\u00a0Ruiz\u00a0Responsable de Acceso a la Informaci\u00f3n (RAI)Tel\u00e9fono: 829-966-8450Correo electr\u00f3nico: theanysanchez08@gmail.com \u00a0","protected":false},"author":4,"featured_media":790,"parent":0,"menu_order":0,"comment_status":"closed","ping_status":"closed","template":"","meta":[],"acf":[],"_links":{"self":[{"href":"https:\/\/ayuntamientolasyayas.gob.do\/transparencia\/wp-json\/wp\/v2\/pages\/258"}],"collection":[{"href":"https:\/\/ayuntamientolasyayas.gob.do\/transparencia\/wp-json\/wp\/v2\/pages"}],"about":[{"href":"https:\/\/ayuntamientolasyayas.gob.do\/transparencia\/wp-json\/wp\/v2\/types\/page"}],"author":[{"embeddable":true,"href":"https:\/\/ayuntamientolasyayas.gob.do\/transparencia\/wp-json\/wp\/v2\/users\/4"}],"replies":[{"embeddable":true,"href":"https:\/\/ayuntamientolasyayas.gob.do\/transparencia\/wp-json\/wp\/v2\/comments?post=258"}],"version-history":[{"count":6,"href":"https:\/\/ayuntamientolasyayas.gob.do\/transparencia\/wp-json\/wp\/v2\/pages\/258\/revisions"}],"predecessor-version":[{"id":2043,"href":"https:\/\/ayuntamientolasyayas.gob.do\/transparencia\/wp-json\/wp\/v2\/pages\/258\/revisions\/2043"}],"wp:featuredmedia":[{"embeddable":true,"href":"https:\/\/ayuntamientolasyayas.gob.do\/transparencia\/wp-json\/wp\/v2\/media\/790"}],"wp:attachment":[{"href":"https:\/\/ayuntamientolasyayas.gob.do\/transparencia\/wp-json\/wp\/v2\/media?parent=258"}],"curies":[{"name":"wp","href":"https:\/\/api.w.org\/{rel}","templated":true}]}}